{"id":8,"date":"2022-05-20T00:16:55","date_gmt":"2022-05-20T00:16:55","guid":{"rendered":"https:\/\/lookbook.dk\/?page_id=8"},"modified":"2025-02-23T20:44:01","modified_gmt":"2025-02-23T20:44:01","slug":"forside","status":"publish","type":"page","link":"https:\/\/lookbook.dk\/","title":{"rendered":"Forside"},"content":{"rendered":"\n<div class=\"wp-block-media-text alignfull has-media-on-the-right is-stacked-on-mobile is-image-fill has-background-color has-text-color has-background has-link-color has-secondary-background-color\" style=\"grid-template-columns:auto 51%\"><div class=\"wp-block-media-text__content\">\n<div style=\"height:32px\" aria-hidden=\"true\" class=\"wp-block-spacer\"><\/div>\n\n\n\n\n\n<figure class=\"wp-block-image alignleft size-full\"><img decoding=\"async\" loading=\"lazy\" width=\"800\" height=\"178\" src=\"https:\/\/lookbook.dk\/wp-content\/uploads\/2022\/05\/Lookbook-logo.png\" alt=\"\" class=\"wp-image-11\" srcset=\"https:\/\/lookbook.dk\/wp-content\/uploads\/2022\/05\/Lookbook-logo.png 800w, https:\/\/lookbook.dk\/wp-content\/uploads\/2022\/05\/Lookbook-logo-300x67.png 300w, https:\/\/lookbook.dk\/wp-content\/uploads\/2022\/05\/Lookbook-logo-768x171.png 768w\" sizes=\"(max-width: 800px) 100vw, 800px\" \/><\/figure>\n\n\n\n<div class=\"wp-block-group is-layout-flow wp-block-group-is-layout-flow\" style=\"padding-top:min(28rem, 28vw);padding-right:min(8rem, 5vw)\">\n<h2 class=\"wp-block-heading has-foreground-color has-text-color\" id=\"dougstilton-1\" style=\"font-size:clamp(3rem, 6vw, 4.5rem);font-weight:300;line-height:1.115\"><em>Velkommen til Lookbook.dk<br><\/em><\/h2>\n\n\n\n<p class=\"has-foreground-color has-text-color\" style=\"line-height:1.6\">Vi er i fuld sving med at udvikle en ny platform for t\u00f8jinspiration. <\/p>\n\n\n\n<div style=\"height:40px\" aria-hidden=\"true\" class=\"wp-block-spacer\"><\/div>\n<\/div>\n\n\n\n<div style=\"height:32px\" aria-hidden=\"true\" class=\"wp-block-spacer\"><\/div>\n<\/div><figure class=\"wp-block-media-text__media\" style=\"background-image:url(https:\/\/lookbook.dk\/wp-content\/uploads\/2022\/05\/Lookbook-683x1024.jpg);background-position:50% 50%\"><img decoding=\"async\" loading=\"lazy\" width=\"683\" height=\"1024\" src=\"https:\/\/lookbook.dk\/wp-content\/uploads\/2022\/05\/Lookbook-683x1024.jpg\" alt=\"\" class=\"wp-image-13 size-full\" srcset=\"https:\/\/lookbook.dk\/wp-content\/uploads\/2022\/05\/Lookbook-683x1024.jpg 683w, https:\/\/lookbook.dk\/wp-content\/uploads\/2022\/05\/Lookbook-200x300.jpg 200w, https:\/\/lookbook.dk\/wp-content\/uploads\/2022\/05\/Lookbook-768x1152.jpg 768w, https:\/\/lookbook.dk\/wp-content\/uploads\/2022\/05\/Lookbook-1024x1536.jpg 1024w, https:\/\/lookbook.dk\/wp-content\/uploads\/2022\/05\/Lookbook.jpg 1280w\" sizes=\"(max-width: 683px) 100vw, 683px\" \/><\/figure><\/div>\n\n\n\n<div class=\"wp-block-group alignwide is-layout-flow wp-block-group-is-layout-flow\">\n<div class=\"wp-block-columns is-layout-flex wp-container-4 wp-block-columns-is-layout-flex\">\n<div class=\"wp-block-column is-vertically-aligned-bottom is-layout-flow wp-block-column-is-layout-flow\">\n<h2 class=\"wp-block-heading\" id=\"welcome-tothe-aviary-1\" style=\"font-size:clamp(3.25rem, 8vw, 6.25rem);line-height:1.15\"><em>Inspo &amp; Faves<br><\/em><\/h2>\n<\/div>\n\n\n\n<div class=\"wp-block-column is-vertically-aligned-bottom is-layout-flow wp-block-column-is-layout-flow\" style=\"padding-bottom:6rem\">\n<p>Lookbook vil give alle mulighed for at dele deres favorit-looks og samtidigt finde inspiration hos andre. En platform, der g\u00f8r det nemme at finde ny inspiration og fange de nyeste trends og tendenser.<\/p>\n\n\n\n<p>Hvis du \u00f8nsker at samarbejde, er du velkommen til at kontakte os. <\/p>\n\n\n\n<div style=\"height:20px\" aria-hidden=\"true\" class=\"wp-block-spacer\"><\/div>\n<\/div>\n<\/div>\n<\/div>\n\n\n\n<div class=\"wp-block-columns is-layout-flex wp-container-8 wp-block-columns-is-layout-flex\">\n<div class=\"wp-block-column is-vertically-aligned-top is-layout-flow wp-block-column-is-layout-flow\">\n<p class=\"has-x-large-font-size\" id=\"sporgsmal\"><strong>Sp\u00f8rgsm\u00e5l?<\/strong><\/p>\n\n\n\n<p>S\u00e5 udfyld kontaktformularen her:<\/p>\n\n\n\n<p>(Obs. Vi frabeder os venligst henvendelser omkring dom\u00e6net, da projektet er under udvikling)<\/p>\n\n\n\n<p><\/p>\n\n\n\n<p><\/p>\n<\/div>\n\n\n\n<div class=\"wp-block-column is-layout-flow wp-block-column-is-layout-flow\">\n<div class=\"wp-block-contact-form-7-contact-form-selector\"><div role=\"form\" class=\"wpcf7\" id=\"wpcf7-f5-o1\" lang=\"da-DK\" dir=\"ltr\">\n<div class=\"screen-reader-response\"><p role=\"status\" aria-live=\"polite\" aria-atomic=\"true\"><\/p> <ul><\/ul><\/div>\n<form action=\"\/index.php\/wp-json\/wp\/v2\/pages\/8#wpcf7-f5-o1\" method=\"post\" class=\"wpcf7-form init\" novalidate=\"novalidate\" data-status=\"init\">\n<div style=\"display: none;\">\n<input type=\"hidden\" name=\"_wpcf7\" value=\"5\" \/>\n<input type=\"hidden\" name=\"_wpcf7_version\" value=\"5.5.6.1\" \/>\n<input type=\"hidden\" name=\"_wpcf7_locale\" value=\"da_DK\" \/>\n<input type=\"hidden\" name=\"_wpcf7_unit_tag\" value=\"wpcf7-f5-o1\" \/>\n<input type=\"hidden\" name=\"_wpcf7_container_post\" value=\"0\" \/>\n<input type=\"hidden\" name=\"_wpcf7_posted_data_hash\" value=\"\" \/>\n<\/div>\n<p><label> Dit navn<br \/>\n    <span class=\"wpcf7-form-control-wrap your-name\"><input type=\"text\" name=\"your-name\" value=\"\" size=\"40\" class=\"wpcf7-form-control wpcf7-text wpcf7-validates-as-required\" aria-required=\"true\" aria-invalid=\"false\" \/><\/span> <\/label><\/p>\n<p><label> Din e-mail<br \/>\n    <span class=\"wpcf7-form-control-wrap your-email\"><input type=\"email\" name=\"your-email\" value=\"\" size=\"40\" class=\"wpcf7-form-control wpcf7-text wpcf7-email wpcf7-validates-as-required wpcf7-validates-as-email\" aria-required=\"true\" aria-invalid=\"false\" \/><\/span> <\/label><\/p>\n<p><label> Emne<br \/>\n    <span class=\"wpcf7-form-control-wrap your-subject\"><input type=\"text\" name=\"your-subject\" value=\"\" size=\"40\" class=\"wpcf7-form-control wpcf7-text wpcf7-validates-as-required\" aria-required=\"true\" aria-invalid=\"false\" \/><\/span> <\/label><\/p>\n<p><label> Din besked (valgfri)<br \/>\n    <span class=\"wpcf7-form-control-wrap your-message\"><textarea name=\"your-message\" cols=\"40\" rows=\"10\" class=\"wpcf7-form-control wpcf7-textarea\" aria-invalid=\"false\"><\/textarea><\/span> <\/label><\/p>\n<p><input type=\"submit\" value=\"Send\" class=\"wpcf7-form-control has-spinner wpcf7-submit\" \/><\/p>\n<div class=\"wpcf7-response-output\" aria-hidden=\"true\"><\/div><\/form><\/div><\/div>\n<\/div>\n<\/div>\n\n\n\n<div class=\"wp-block-group alignfull is-layout-constrained wp-block-group-is-layout-constrained\">\n<div class=\"wp-block-group alignwide is-layout-flow wp-block-group-is-layout-flow\" style=\"padding-top:4rem;padding-bottom:4rem\">\n<p class=\"has-text-align-center\" style=\"font-size:16px\">\u00a9 Lookbook.dk 2025<\/p>\n<\/div>\n<\/div>\n","protected":false},"excerpt":{"rendered":"<p>Inspo &amp; Faves Lookbook vil give alle mulighed for at dele deres favorit-looks og samtidigt finde inspiration hos andre. En platform, der g\u00f8r det nemme at finde ny inspiration og fange de nyeste trends og tendenser. Hvis du \u00f8nsker at samarbejde, er du velkommen til at kontakte os. Sp\u00f8rgsm\u00e5l? S\u00e5 udfyld kontaktformularen her: (Obs. Vi [&hellip;]<\/p>\n","protected":false},"author":1,"featured_media":0,"parent":0,"menu_order":0,"comment_status":"closed","ping_status":"closed","template":"blank","meta":{"footnotes":""},"_links":{"self":[{"href":"https:\/\/lookbook.dk\/index.php\/wp-json\/wp\/v2\/pages\/8"}],"collection":[{"href":"https:\/\/lookbook.dk\/index.php\/wp-json\/wp\/v2\/pages"}],"about":[{"href":"https:\/\/lookbook.dk\/index.php\/wp-json\/wp\/v2\/types\/page"}],"author":[{"embeddable":true,"href":"https:\/\/lookbook.dk\/index.php\/wp-json\/wp\/v2\/users\/1"}],"replies":[{"embeddable":true,"href":"https:\/\/lookbook.dk\/index.php\/wp-json\/wp\/v2\/comments?post=8"}],"version-history":[{"count":3,"href":"https:\/\/lookbook.dk\/index.php\/wp-json\/wp\/v2\/pages\/8\/revisions"}],"predecessor-version":[{"id":16,"href":"https:\/\/lookbook.dk\/index.php\/wp-json\/wp\/v2\/pages\/8\/revisions\/16"}],"wp:attachment":[{"href":"https:\/\/lookbook.dk\/index.php\/wp-json\/wp\/v2\/media?parent=8"}],"curies":[{"name":"wp","href":"https:\/\/api.w.org\/{rel}","templated":true}]}}